{"id":25,"date":"2014-11-16T17:23:15","date_gmt":"2014-11-16T08:23:15","guid":{"rendered":"http:\/\/hinokinokai.com\/?page_id=25"},"modified":"2015-06-25T00:06:29","modified_gmt":"2015-06-24T15:06:29","slug":"portfolio","status":"publish","type":"page","link":"https:\/\/hinokinokai.com\/?page_id=25","title":{"rendered":"PORTFOLIO"},"content":{"rendered":"<p>\u25c6<a href=\"https:\/\/hinokinokai.com\/?page_id=25\">DESSINS D&#8217;ARCHITECTURE<br \/>\n<\/a>Les travaux de l&#8217;\u00e9l\u00e8ve architecte Jumpei Nakamura<br \/>\n\u00e0 l\u2019Ecole Nationale Sup\u00e9rieure des Beaux-Arts de Paris de1921 \u00e0 1923.<\/p>\n<p>\u25c6<a href=\"https:\/\/hinokinokai.com\/?page_id=25\">DESSINS D&#8217;ARCHITECTURE JAPONAISE<\/a><br \/>\nLes travaux des \u00e9l\u00e8ves de Jumpei Nakamura<br \/>\n\u00e0 l\u2019\u00e9cole imp\u00e9riale d\u2019ing\u00e9nieur de Yokohama* au Japon 1925-1944.<br \/>\n(*aujourd&#8217;hui, l&#8217;Universit\u00e9 Nationale de Yokohama)<\/p>\n<p>\u25c6<a href=\"https:\/\/hinokinokai.com\/?page_id=25\">ELEMENTS ET THEORIE DE L&#8217;ARCHITECTURE<\/a> par Jumpei Nakamura<\/p>\n<p>\u25c6<a href=\"underconstruction\">THEORIE DE L&#8217;ARCHITECTURE NAVALE<\/a> par Jumpei Nakamura<\/p>\n<p>\u25c6<a href=\"https:\/\/hinokinokai.com\/?page_id=25\">THEORIE DE L&#8217;URBANISME<\/a> par Jumpei Nakamura<\/p>\n<p>&nbsp;<\/p>\n","protected":false},"excerpt":{"rendered":"<p>\u25c6DESSINS D&#8217;ARCHITECTURE Les travaux de l&#8217;\u00e9l\u00e8ve architecte Jumpei Nakamura \u00e0 l\u2019Ecole Nationale Sup\u00e9 [&hellip;]<\/p>\n","protected":false},"author":1,"featured_media":0,"parent":0,"menu_order":2,"comment_status":"open","ping_status":"open","template":"full-width-widgets.php","meta":{"footnotes":""},"class_list":["post-25","page","type-page","status-publish","hentry"],"_links":{"self":[{"href":"https:\/\/hinokinokai.com\/index.php?rest_route=\/wp\/v2\/pages\/25","targetHints":{"allow":["GET"]}}],"collection":[{"href":"https:\/\/hinokinokai.com\/index.php?rest_route=\/wp\/v2\/pages"}],"about":[{"href":"https:\/\/hinokinokai.com\/index.php?rest_route=\/wp\/v2\/types\/page"}],"author":[{"embeddable":true,"href":"https:\/\/hinokinokai.com\/index.php?rest_route=\/wp\/v2\/users\/1"}],"replies":[{"embeddable":true,"href":"https:\/\/hinokinokai.com\/index.php?rest_route=%2Fwp%2Fv2%2Fcomments&post=25"}],"version-history":[{"count":10,"href":"https:\/\/hinokinokai.com\/index.php?rest_route=\/wp\/v2\/pages\/25\/revisions"}],"predecessor-version":[{"id":91,"href":"https:\/\/hinokinokai.com\/index.php?rest_route=\/wp\/v2\/pages\/25\/revisions\/91"}],"wp:attachment":[{"href":"https:\/\/hinokinokai.com\/index.php?rest_route=%2Fwp%2Fv2%2Fmedia&parent=25"}],"curies":[{"name":"wp","href":"https:\/\/api.w.org\/{rel}","templated":true}]}}