{"id":12,"date":"2014-11-16T16:53:44","date_gmt":"2014-11-16T07:53:44","guid":{"rendered":"http:\/\/hinokinokai.com\/?page_id=12"},"modified":"2020-03-23T13:27:09","modified_gmt":"2020-03-23T04:27:09","slug":"about-us","status":"publish","type":"page","link":"https:\/\/hinokinokai.com\/?page_id=12","title":{"rendered":"ABOUT US"},"content":{"rendered":"<p>\u300c\u6867\u306e\u4f1a\u300d\u306f\u30011983\u5e74\u306b\u6545\u4e2d\u6751\u9806\u5e73\u6c0f\u306e\u5f1f\u5b50\u3084\u6559\u3048\u5b50\u305f\u3061\u304c\u4e2d\u5fc3\u3068\u306a\u308a\u767a\u8db3\u3057\u307e\u3057\u305f\u3002<br \/>\n\u300c\u6867\u306e\u4f1a\u300d\u306f\u3001\u767a\u8db3\u4ee5\u6765\u3001\u4f1a\u5831\u306e\u767a\u884c\u3001\u571f\u66dc\u4f1a\u306e\u958b\u50ac\u306a\u3069\u306e\u6d3b\u52d5\u3092\u884c\u306a\u3063\u3066\u3044\u307e\u3057\u305f\u3002<\/p>\n<p>2009\u5e74\u3001\u60dc\u3057\u307e\u308c\u306a\u304c\u3089\u3082\u4f1a\u5831\u767a\u884c\u306e\u4e2d\u6b62\u3001\u571f\u66dc\u4f1a\u306e\u9589\u4f1a\u306b\u81f3\u308a\u307e\u3057\u305f\u3002<br \/>\n\u3057\u304b\u3057\u3001\u305d\u306e\u5f8c\u3082\u3001\u300c\u6867\u306e\u4f1a\u300d\u306f\u3001\u6709\u5fd7\u306b\u3088\u3063\u3066\u7d99\u7d9a\u7684\u306b\u6d3b\u52d5\u3092\u7d9a\u3051\u3066\u3044\u307e\u3059\u3002<\/p>\n<p>2015\u5e74\u306f\u3001\u6a2a\u6d5c\u9ad8\u7b49\u5de5\u696d\u5b66\u6821\uff08\u73fe\u3001\u6a2a\u6d5c\u56fd\u7acb\u5927\u5b66\uff09\u306e\u5efa\u7bc9\u5b66\u79d1\u5275\u7acb90\u5468\u5e74\u3092\u8fce\u3048\u305f\u5e74\u3067\u3042\u308a\u3001\u4e2d\u6751\u6559\u80b2\u306e90\u5468\u5e74\u306b\u3042\u305f\u308a\u307e\u3059\u3002<br \/>\n\u3053\u3046\u3057\u305f\u30bf\u30a4\u30df\u30f3\u30b0\u306b\u3042\u308f\u305b\u3001\u3053\u306e\u30db\u30fc\u30e0\u30da\u30fc\u30b8\u3067\u306f\u3001\u300c\u6867\u306e\u4f1a\u300d\u306e\u767a\u8db3\u4ee5\u6765\u3001\u84c4\u7a4d\u3055\u308c\u305f\u53f2\u6599\u306e\u516c\u958b\u3092\u306f\u3058\u3081\u307e\u3057\u305f\u3002<\/p>\n<p><span style=\"color: #000080;\"><strong>\u3010\u6867\u306e\u4f1a\u3000\u6cbf\u9769\u3011<\/strong><\/span><\/p>\n<table style=\"height: 1219px;\" width=\"581\">\n<tbody>\n<tr>\n<td style=\"text-align: center;\" width=\"44\"><strong>\u5e74<\/strong><\/td>\n<td style=\"text-align: center;\" width=\"28\"><strong>\u6708<\/strong><\/td>\n<td style=\"text-align: center;\" width=\"275\"><strong>\u51fa\u6765\u4e8b<\/strong><\/td>\n<td style=\"text-align: center;\" width=\"73\"><strong>\u300e\u6a9c\u300f\uff08\u6a5f\u95a2\u8a8c\uff09<\/strong><\/td>\n<td style=\"text-align: center;\" width=\"114\"><strong>\u300e\u3042\u3059\u306a\u308d\u300f\uff08\u6a5f\u95a2\u8a8c\u30fb\u5225\u518a\uff09<\/strong><\/td>\n<\/tr>\n<tr>\n<td>1983<\/td>\n<td><\/td>\n<td>\u6a9c\u306e\u4f1a\u8a2d\u7acb<\/td>\n<td><\/td>\n<td><\/td>\n<\/tr>\n<tr>\n<td rowspan=\"3\">1989<\/td>\n<td style=\"text-align: center;\">6<\/td>\n<td><\/td>\n<td width=\"73\">\u7b2c1\u53f7<br \/>\n\uff08\u5275\u520a\uff09<\/td>\n<td><\/td>\n<\/tr>\n<tr>\n<td style=\"text-align: center;\">8<\/td>\n<td width=\"275\">\u7b2c1\u56de\u571f\u66dc\u4f1a\u958b\u50ac\u3000\u65bc\uff1a\u6c34\u4ea4\u4f1a<\/td>\n<td><\/td>\n<td><\/td>\n<\/tr>\n<tr>\n<td style=\"text-align: center;\">11<\/td>\n<td>\u4f1a\u54e1\u7dcf\u6570\uff1a124\u540d<\/td>\n<td>\u7b2c2\u53f7<\/td>\n<td><\/td>\n<\/tr>\n<tr>\n<td rowspan=\"3\">1990<\/td>\n<td style=\"text-align: center;\">5<\/td>\n<td rowspan=\"11\" width=\"275\">\u571f\u66dc\u56de\u306f\u6982\u306d2,5,8,11\u6708\u306b\u958b\u50ac<br \/>\n\u65bc\uff1a\u6c34\u4ea4\u4f1a<\/td>\n<td><\/td>\n<td width=\"114\">\u7b2c1\u53f7\uff08\u5275\u520a\uff09<\/td>\n<\/tr>\n<tr>\n<td style=\"text-align: center;\">6<\/td>\n<td>\u7b2c3\u53f7<\/td>\n<td><\/td>\n<\/tr>\n<tr>\n<td style=\"text-align: center;\">11<\/td>\n<td>\u7b2c4\u53f7<\/td>\n<td>\u7b2c2\u53f7<\/td>\n<\/tr>\n<tr>\n<td>1991<\/td>\n<td style=\"text-align: center;\">7<\/td>\n<td>\u7b2c5\u53f7<\/td>\n<td>\u7b2c3\u53f7<\/td>\n<\/tr>\n<tr>\n<td>1992<\/td>\n<td style=\"text-align: center;\">6<\/td>\n<td>\u7b2c6\u53f7<\/td>\n<td>\u7b2c4\u53f7<\/td>\n<\/tr>\n<tr>\n<td>1992<\/td>\n<td style=\"text-align: center;\">7<\/td>\n<td>\u7b2c7\u53f7<\/td>\n<td>\u7b2c5\u53f7<\/td>\n<\/tr>\n<tr>\n<td>1997<\/td>\n<td style=\"text-align: center;\">1<\/td>\n<td>\u7b2c8\u53f7<\/td>\n<td>\u7b2c6\u53f7<\/td>\n<\/tr>\n<tr>\n<td>1998<\/td>\n<td style=\"text-align: center;\">8<\/td>\n<td>\u7b2c9\u53f7<\/td>\n<td><\/td>\n<\/tr>\n<tr>\n<td>2000<\/td>\n<td style=\"text-align: center;\">5<\/td>\n<td>\u7b2c10\u53f7<\/td>\n<td><\/td>\n<\/tr>\n<tr>\n<td>2001<\/td>\n<td style=\"text-align: center;\">8<\/td>\n<td>\u7b2c11\u53f7<\/td>\n<td><\/td>\n<\/tr>\n<tr>\n<td rowspan=\"2\">2002<\/td>\n<td style=\"text-align: center;\">8<\/td>\n<td>\u7b2c12\u53f7<\/td>\n<td><\/td>\n<\/tr>\n<tr>\n<td style=\"text-align: center;\">9<\/td>\n<td width=\"275\">\u7b2c50\u56de\u571f\u66dc\u4f1a\u958b\u50ac<br \/>\n\u65bc\uff1a\u660e\u65e5\u9928<\/td>\n<td><\/td>\n<td><\/td>\n<\/tr>\n<tr>\n<td>2003<\/td>\n<td style=\"text-align: center;\">8<\/td>\n<td rowspan=\"3\" width=\"275\">\u571f\u66dc\u56de\u306f\u6982\u306d2,5,8,11\u6708\u306b\u958b\u50ac<br \/>\n\u65bc\uff1a\u660e\u65e5\u9928<\/td>\n<td>\u7b2c13\u53f7<\/td>\n<td><\/td>\n<\/tr>\n<tr>\n<td>2004<\/td>\n<td style=\"text-align: center;\">9<\/td>\n<td width=\"73\">\u7b2c14\u53f7<br \/>\n\uff08\u6700\u7d42\u53f7\uff09<\/td>\n<td><\/td>\n<\/tr>\n<tr>\n<td>2006<\/td>\n<td style=\"text-align: center;\">2<\/td>\n<td><\/td>\n<td>\u7b2c7\u53f7<\/td>\n<\/tr>\n<tr>\n<td rowspan=\"2\">2007<\/td>\n<td style=\"text-align: center;\">2<\/td>\n<td width=\"275\">\u7b2c68\u56de\u571f\u66dc\u4f1a\u958b\u50ac<br \/>\n\u65bc\uff1a\u6771\u4eac\u6587\u5316\u4f1a\u9928<\/td>\n<td><\/td>\n<td><\/td>\n<\/tr>\n<tr>\n<td style=\"text-align: center;\">12<\/td>\n<td rowspan=\"2\" width=\"275\">\u571f\u66dc\u56de\u306f\u6982\u306d2,5,8,11\u6708\u306b\u958b\u50ac<br \/>\n\u65bc\uff1a\u6771\u4eac\u6587\u5316\u4f1a\u9928<\/td>\n<td><\/td>\n<td>\u7b2c8\u53f7<\/td>\n<\/tr>\n<tr>\n<td rowspan=\"2\">2009<\/td>\n<td style=\"text-align: center;\">2<\/td>\n<td><\/td>\n<td width=\"114\">\u7b2c9\u53f7<br \/>\n\uff08\u6700\u7d42\u53f7\uff09<\/td>\n<\/tr>\n<tr>\n<td style=\"text-align: center;\">11<\/td>\n<td width=\"275\">\u7b2c76\u56de\u571f\u66dc\u4f1a\u958b\u50ac\uff08\u6700\u7d42\u56de\uff09<br \/>\n\u65bc\uff1a\u6771\u4eac\u6587\u5316\u4f1a\u9928<\/td>\n<td><\/td>\n<td><\/td>\n<\/tr>\n<tr>\n<td>2015<\/td>\n<td><\/td>\n<td>\u6867\u306e\u4f1aHP\u3000\u958b\u59cb<br \/>\n\uff08\u6a2a\u6d5c\u9ad8\u5de5\u5efa\u7bc9\u5b66\u79d1\u5275\u7acb90\u5468\u5e74\uff09<\/td>\n<td><\/td>\n<td><\/td>\n<\/tr>\n<\/tbody>\n<\/table>\n<p><strong>\u25c6\u6b74\u4ee3\u4e16\u8a71\u4eba\u4ee3\u8868<\/strong><br \/>\n1983-1998\u3000\u7db2\u6238\u6b66\u592b\uff08\u9ad8\u5de5\u5efa\u7bc9\u5b66\u79d1\u7b2c1\u56de\u5352\u696d\u751f\uff1a1928\u5e74\u5352\uff09<br \/>\n1998-2015\u3000\u677e\u672c\u967d\u4e00\uff08\u9ad8\u5de5\u5efa\u7bc9\u5b66\u79d1\u7b2c16\u56de\u5352\u696d\u751f\uff1a1942\u5e74\u5352\uff09<br \/>\n2015-2020\u3000\u677e\u672c\u96c4\u5409\uff081951\u5e74\u5352\uff09<\/p>\n<p><strong>\u25c6\u6b74\u4ee3\u4e16\u8a71\u4eba<\/strong><br \/>\n\u25ce\u6a2a\u6d5c\u9ad8\u7b49\u5de5\u696d\u5b66\u6821\u307e\u305f\u306f\u6a2a\u6d5c\u56fd\u7acb\u5927\u5b66\u51fa\u8eab\u8005\uff08\u62ec\u5f27\u5185\u306f\u5352\u696d\u5e74\u5ea6\uff0c\u5352\u696d\u5e74\u5ea6\u9806\uff09\uff1a<br \/>\n\u7db2\u6238\u6b66\u592b\uff081928\uff09\uff0c\u6210\u6ca2\u798f\u677e\uff081933\uff09\uff0c\u6797\u4e45\u6e80\uff081933\uff09 \uff0c\u6cb3\u908a\u5f18\uff081939\uff09\uff0c\u9752\u6728\u69ae\uff081940\uff09\uff0c\u9ad8\u6751\u78a7\uff081940\uff09\uff0c\u5927\u897f\u6625\u96c4\uff081942\uff09\uff0c\u5317\u6751\u6cf0\u5f66\uff081942\uff09\uff0c\u677e\u672c\u967d\u4e00\uff081942\uff09\uff0c\u5409\u539f\u6b63\uff081942\uff09\uff0c\u5185\u7530\u6b63\u6cf0\uff081943\uff09\uff0c\u5ca1\u672c\u5409\u665f\uff081943\uff09\uff0c\u5e73\u5c3e\u69ae\u7f8e\uff081943\uff09\uff0c\u8fd1\u85e4\u7d4c\u4e00\uff081945\uff09\uff0c\u677e\u672c\u96c4\u5409\uff081951\uff09\uff0c\u8fd1\u85e4\u9ad8\u53f2\uff081974\uff09<br \/>\n\u25ce\u4e2d\u6751\u587e\u30fb\u4ed6\u6821\u51fa\u8eab\u8005\uff08\u4e94\u5341\u97f3\u9806\uff09\uff1a<br \/>\n\u6c96\u7530\u88d5\u6b63\uff0c\u52a0\u85e4\u8aa0\u4e00<\/p>\n<p><span class=\"st\"><strong>\u25c6Hinokino-Kai<br \/>\n<\/strong><span class=\"st\"> L&#8217;origine de l&#8217;association actuelle<\/span> est une association des anciens \u00e9l\u00e8ves de Jumpei Nakamura (1887-1977), fond\u00e9e en 1983, par les \u00e9l\u00e8ves architectes de Jumpei Nakamura , premier architecte japonais dipl\u00f4m\u00e9 de l&#8217;Ecole des Beaux-arts de Paris en 1923.<\/span><\/p>\n<p><span class=\"st\"><strong>\u25c6Jumpei Nakamura<\/strong><br \/>\n1887\u00a0\u00a0\u00a0\u00a0\u00a0\u00a0\u00a0\u00a0\u00a0 N\u00e9 le 29 ao\u00fbt \u00e0 Osaka, Japon<br \/>\n1910<span class=\"st\">\u00a0\u00a0\u00a0\u00a0\u00a0\u00a0\u00a0\u00a0\u00a0 Dipl\u00f4m\u00e9<\/span> de l&#8217;Ecole Nationale Sup\u00e9rieure <span class=\"st\">de G\u00e9nie industriel <\/span> de Nagoya (Japon)<br \/>\n1910\u00a0\u00a0\u00a0\u00a0\u00a0\u00a0\u00a0\u00a0\u00a0 Agence d&#8217;architecture, Son\u00e9-Chujo, Tokyo (Jusqu&#8217;en 1920)<br \/>\n1921\u00a0\u00a0\u00a0\u00a0\u00a0\u00a0\u00a0\u00a0\u00a0 Atelier Gromort-Expert de l&#8217;Ecole des Beaux-arts de Paris<br \/>\n1923\u00a0\u00a0\u00a0\u00a0\u00a0\u00a0\u00a0\u00a0\u00a0 Architecte dipl\u00f4m\u00e9 par le gouvernement (France)<br \/>\n1924\u00a0\u00a0\u00a0\u00a0\u00a0\u00a0\u00a0\u00a0\u00a0 Atelier Nakamura, Tokyo, Japon<br \/>\n1925\u00a0\u00a0\u00a0\u00a0\u00a0\u00a0\u00a0\u00a0\u00a0 Professeur de l&#8217;Ecole Nationale Sup\u00e9rieure de G\u00e9nie industriel de Yokohama* (Japon)<br \/>\n1947\u00a0\u00a0\u00a0\u00a0\u00a0\u00a0\u00a0\u00a0\u00a0 Ma\u00eetres de conf\u00e9rences \u00e0 l\u2019Universit\u00e9 Nationale de Yokohama (Jusqu&#8217;en 1950)<br \/>\n1959\u00a0\u00a0\u00a0\u00a0\u00a0\u00a0\u00a0\u00a0\u00a0 Prix d\u2019Acad\u00e9mie japonais des arts, section d\u2019architecture<br \/>\n1975\u00a0\u00a0\u00a0\u00a0\u00a0\u00a0\u00a0\u00a0\u00a0 Membre de l\u2019Acad\u00e9mie japonais des arts, section d\u2019architecture<br \/>\n1977\u00a0\u00a0\u00a0\u00a0\u00a0\u00a0\u00a0\u00a0\u00a0 D\u00e9c\u00e8s le 24 mai 1977 \u00e0 Yokohama, Japon<\/span><\/p>\n<p>*Cette \u00e9cole fut rattach\u00e9e \u00e0 l&#8217;Universit\u00e9 Nationale de Yokohama cr\u00e9\u00e9e en 1949.<\/p>\n","protected":false},"excerpt":{"rendered":"<p>\u300c\u6867\u306e\u4f1a\u300d\u306f\u30011983\u5e74\u306b\u6545\u4e2d\u6751\u9806\u5e73\u6c0f\u306e\u5f1f\u5b50\u3084\u6559\u3048\u5b50\u305f\u3061\u304c\u4e2d\u5fc3\u3068\u306a\u308a\u767a\u8db3\u3057\u307e\u3057\u305f\u3002 \u300c\u6867\u306e\u4f1a\u300d\u306f\u3001\u767a\u8db3\u4ee5\u6765\u3001\u4f1a\u5831\u306e\u767a\u884c\u3001\u571f\u66dc\u4f1a\u306e\u958b\u50ac\u306a\u3069\u306e\u6d3b\u52d5\u3092\u884c\u306a\u3063\u3066\u3044\u307e\u3057\u305f\u3002 2009\u5e74\u3001\u60dc\u3057\u307e\u308c\u306a\u304c\u3089\u3082\u4f1a\u5831\u767a\u884c\u306e\u4e2d\u6b62\u3001\u571f\u66dc\u4f1a\u306e\u9589\u4f1a [&hellip;]<\/p>\n","protected":false},"author":1,"featured_media":0,"parent":0,"menu_order":1,"comment_status":"open","ping_status":"closed","template":"full-width-widgets.php","meta":{"footnotes":""},"class_list":["post-12","page","type-page","status-publish","hentry"],"_links":{"self":[{"href":"https:\/\/hinokinokai.com\/index.php?rest_route=\/wp\/v2\/pages\/12","targetHints":{"allow":["GET"]}}],"collection":[{"href":"https:\/\/hinokinokai.com\/index.php?rest_route=\/wp\/v2\/pages"}],"about":[{"href":"https:\/\/hinokinokai.com\/index.php?rest_route=\/wp\/v2\/types\/page"}],"author":[{"embeddable":true,"href":"https:\/\/hinokinokai.com\/index.php?rest_route=\/wp\/v2\/users\/1"}],"replies":[{"embeddable":true,"href":"https:\/\/hinokinokai.com\/index.php?rest_route=%2Fwp%2Fv2%2Fcomments&post=12"}],"version-history":[{"count":33,"href":"https:\/\/hinokinokai.com\/index.php?rest_route=\/wp\/v2\/pages\/12\/revisions"}],"predecessor-version":[{"id":260,"href":"https:\/\/hinokinokai.com\/index.php?rest_route=\/wp\/v2\/pages\/12\/revisions\/260"}],"wp:attachment":[{"href":"https:\/\/hinokinokai.com\/index.php?rest_route=%2Fwp%2Fv2%2Fmedia&parent=12"}],"curies":[{"name":"wp","href":"https:\/\/api.w.org\/{rel}","templated":true}]}}